{"id":6,"date":"2025-06-05T11:06:02","date_gmt":"2025-06-05T11:06:02","guid":{"rendered":"https:\/\/stadtblick-chemnitz.de\/?page_id=6"},"modified":"2025-06-05T11:22:31","modified_gmt":"2025-06-05T11:22:31","slug":"leere-gaerten","status":"publish","type":"page","link":"https:\/\/stadtblick-chemnitz.de\/?page_id=6","title":{"rendered":"Leere G\u00e4rten"},"content":{"rendered":"<div id=\"content\" class=\"gardenlandscapingcoach-content\">\n<section class=\"blog-area inarea-blog-2-column-area three\">\n<div class=\"container\">\n<div class=\"row\">\n<div class=\"col-lg-8\">\n<article class=\"post-items post-single\">\n<div class=\"post-content\">\n<p>Garten 1\u00a0\u00a0\u00a0\u00a0\u00a0\u00a0 bis Ende 2025\u00a0 besetzt kann mit jetzigen P\u00e4chter sofort \u00fcbernommen werden. Laube Abl\u00f6se\u00a0 VB 250 Eur<\/p>\n<p><img loading=\"lazy\" decoding=\"async\" class=\"alignnone size-large wp-image-46\" src=\"https:\/\/www.stadtblick-chemnitz.info\/wp-content\/uploads\/2025\/03\/IMG_2900-1024x683.jpg\" sizes=\"auto, (max-width: 1024px) 100vw, 1024px\" srcset=\"https:\/\/www.stadtblick-chemnitz.info\/wp-content\/uploads\/2025\/03\/IMG_2900-1024x683.jpg 1024w, https:\/\/www.stadtblick-chemnitz.info\/wp-content\/uploads\/2025\/03\/IMG_2900-300x200.jpg 300w, https:\/\/www.stadtblick-chemnitz.info\/wp-content\/uploads\/2025\/03\/IMG_2900-768x512.jpg 768w, https:\/\/www.stadtblick-chemnitz.info\/wp-content\/uploads\/2025\/03\/IMG_2900-1536x1024.jpg 1536w, https:\/\/www.stadtblick-chemnitz.info\/wp-content\/uploads\/2025\/03\/IMG_2900.jpg 1920w\" alt=\"\" width=\"1024\" height=\"683\" \/> <img loading=\"lazy\" decoding=\"async\" class=\"alignnone size-large wp-image-47\" src=\"https:\/\/www.stadtblick-chemnitz.info\/wp-content\/uploads\/2025\/03\/IMG_2901-1024x683.jpg\" sizes=\"auto, (max-width: 1024px) 100vw, 1024px\" srcset=\"https:\/\/www.stadtblick-chemnitz.info\/wp-content\/uploads\/2025\/03\/IMG_2901-1024x683.jpg 1024w, https:\/\/www.stadtblick-chemnitz.info\/wp-content\/uploads\/2025\/03\/IMG_2901-300x200.jpg 300w, https:\/\/www.stadtblick-chemnitz.info\/wp-content\/uploads\/2025\/03\/IMG_2901-768x512.jpg 768w, https:\/\/www.stadtblick-chemnitz.info\/wp-content\/uploads\/2025\/03\/IMG_2901-1536x1024.jpg 1536w, https:\/\/www.stadtblick-chemnitz.info\/wp-content\/uploads\/2025\/03\/IMG_2901.jpg 1920w\" alt=\"\" width=\"1024\" height=\"683\" \/> <img loading=\"lazy\" decoding=\"async\" class=\"alignnone size-large wp-image-48\" src=\"https:\/\/www.stadtblick-chemnitz.info\/wp-content\/uploads\/2025\/03\/IMG_2902-1024x683.jpg\" sizes=\"auto, (max-width: 1024px) 100vw, 1024px\" srcset=\"https:\/\/www.stadtblick-chemnitz.info\/wp-content\/uploads\/2025\/03\/IMG_2902-1024x683.jpg 1024w, https:\/\/www.stadtblick-chemnitz.info\/wp-content\/uploads\/2025\/03\/IMG_2902-300x200.jpg 300w, https:\/\/www.stadtblick-chemnitz.info\/wp-content\/uploads\/2025\/03\/IMG_2902-768x512.jpg 768w, https:\/\/www.stadtblick-chemnitz.info\/wp-content\/uploads\/2025\/03\/IMG_2902-1536x1024.jpg 1536w, https:\/\/www.stadtblick-chemnitz.info\/wp-content\/uploads\/2025\/03\/IMG_2902.jpg 1920w\" alt=\"\" width=\"1024\" height=\"683\" \/><\/p>\n<p>Garten 7\u00a0\u00a0\u00a0\u00a0\u00a0\u00a0 leer Garten<\/p>\n<p><img loading=\"lazy\" decoding=\"async\" class=\"alignnone size-large wp-image-49\" src=\"https:\/\/www.stadtblick-chemnitz.info\/wp-content\/uploads\/2025\/03\/IMG_2905-1024x683.jpg\" sizes=\"auto, (max-width: 1024px) 100vw, 1024px\" srcset=\"https:\/\/www.stadtblick-chemnitz.info\/wp-content\/uploads\/2025\/03\/IMG_2905-1024x683.jpg 1024w, https:\/\/www.stadtblick-chemnitz.info\/wp-content\/uploads\/2025\/03\/IMG_2905-300x200.jpg 300w, https:\/\/www.stadtblick-chemnitz.info\/wp-content\/uploads\/2025\/03\/IMG_2905-768x512.jpg 768w, https:\/\/www.stadtblick-chemnitz.info\/wp-content\/uploads\/2025\/03\/IMG_2905-1536x1024.jpg 1536w, https:\/\/www.stadtblick-chemnitz.info\/wp-content\/uploads\/2025\/03\/IMG_2905.jpg 1920w\" alt=\"\" width=\"1024\" height=\"683\" \/> <img loading=\"lazy\" decoding=\"async\" class=\"alignnone size-large wp-image-50\" src=\"https:\/\/www.stadtblick-chemnitz.info\/wp-content\/uploads\/2025\/03\/IMG_2906-1024x683.jpg\" sizes=\"auto, (max-width: 1024px) 100vw, 1024px\" srcset=\"https:\/\/www.stadtblick-chemnitz.info\/wp-content\/uploads\/2025\/03\/IMG_2906-1024x683.jpg 1024w, https:\/\/www.stadtblick-chemnitz.info\/wp-content\/uploads\/2025\/03\/IMG_2906-300x200.jpg 300w, https:\/\/www.stadtblick-chemnitz.info\/wp-content\/uploads\/2025\/03\/IMG_2906-768x512.jpg 768w, https:\/\/www.stadtblick-chemnitz.info\/wp-content\/uploads\/2025\/03\/IMG_2906-1536x1024.jpg 1536w, https:\/\/www.stadtblick-chemnitz.info\/wp-content\/uploads\/2025\/03\/IMG_2906.jpg 1920w\" alt=\"\" width=\"1024\" height=\"683\" \/> <img loading=\"lazy\" decoding=\"async\" class=\"alignnone size-large wp-image-51\" src=\"https:\/\/www.stadtblick-chemnitz.info\/wp-content\/uploads\/2025\/03\/IMG_2907-1024x683.jpg\" sizes=\"auto, (max-width: 1024px) 100vw, 1024px\" srcset=\"https:\/\/www.stadtblick-chemnitz.info\/wp-content\/uploads\/2025\/03\/IMG_2907-1024x683.jpg 1024w, https:\/\/www.stadtblick-chemnitz.info\/wp-content\/uploads\/2025\/03\/IMG_2907-300x200.jpg 300w, https:\/\/www.stadtblick-chemnitz.info\/wp-content\/uploads\/2025\/03\/IMG_2907-768x512.jpg 768w, https:\/\/www.stadtblick-chemnitz.info\/wp-content\/uploads\/2025\/03\/IMG_2907-1536x1024.jpg 1536w, https:\/\/www.stadtblick-chemnitz.info\/wp-content\/uploads\/2025\/03\/IMG_2907.jpg 1920w\" alt=\"\" width=\"1024\" height=\"683\" \/><\/p>\n<p>Garten 44\u00a0\u00a0\u00a0 wird noch etwas ber\u00e4umt kann aber sofort \u00fcbernommen werden<\/p>\n<p>Garten 40 \u00a0\u00a0 bis Ende 2025 besetzt kann mit jetzigen P\u00e4chter sofort \u00fcbernommen werden.<\/p>\n<p><img loading=\"lazy\" decoding=\"async\" class=\"alignnone size-large wp-image-52\" src=\"https:\/\/www.stadtblick-chemnitz.info\/wp-content\/uploads\/2025\/03\/IMG_2898-1024x683.jpg\" sizes=\"auto, (max-width: 1024px) 100vw, 1024px\" srcset=\"https:\/\/www.stadtblick-chemnitz.info\/wp-content\/uploads\/2025\/03\/IMG_2898-1024x683.jpg 1024w, https:\/\/www.stadtblick-chemnitz.info\/wp-content\/uploads\/2025\/03\/IMG_2898-300x200.jpg 300w, https:\/\/www.stadtblick-chemnitz.info\/wp-content\/uploads\/2025\/03\/IMG_2898-768x512.jpg 768w, https:\/\/www.stadtblick-chemnitz.info\/wp-content\/uploads\/2025\/03\/IMG_2898-1536x1024.jpg 1536w, https:\/\/www.stadtblick-chemnitz.info\/wp-content\/uploads\/2025\/03\/IMG_2898.jpg 1920w\" alt=\"\" width=\"1024\" height=\"683\" \/> <img loading=\"lazy\" decoding=\"async\" class=\"alignnone size-large wp-image-53\" src=\"https:\/\/www.stadtblick-chemnitz.info\/wp-content\/uploads\/2025\/03\/IMG_2899-1024x683.jpg\" sizes=\"auto, (max-width: 1024px) 100vw, 1024px\" srcset=\"https:\/\/www.stadtblick-chemnitz.info\/wp-content\/uploads\/2025\/03\/IMG_2899-1024x683.jpg 1024w, https:\/\/www.stadtblick-chemnitz.info\/wp-content\/uploads\/2025\/03\/IMG_2899-300x200.jpg 300w, https:\/\/www.stadtblick-chemnitz.info\/wp-content\/uploads\/2025\/03\/IMG_2899-768x512.jpg 768w, https:\/\/www.stadtblick-chemnitz.info\/wp-content\/uploads\/2025\/03\/IMG_2899-1536x1024.jpg 1536w, https:\/\/www.stadtblick-chemnitz.info\/wp-content\/uploads\/2025\/03\/IMG_2899.jpg 1920w\" alt=\"\" width=\"1024\" height=\"683\" \/><\/p>\n<p>Garten 65\u00a0\u00a0 Leer Garten<\/p>\n<p><img loading=\"lazy\" decoding=\"async\" class=\"alignnone size-large wp-image-54\" src=\"https:\/\/www.stadtblick-chemnitz.info\/wp-content\/uploads\/2025\/03\/IMG_2895-1024x683.jpg\" sizes=\"auto, (max-width: 1024px) 100vw, 1024px\" srcset=\"https:\/\/www.stadtblick-chemnitz.info\/wp-content\/uploads\/2025\/03\/IMG_2895-1024x683.jpg 1024w, https:\/\/www.stadtblick-chemnitz.info\/wp-content\/uploads\/2025\/03\/IMG_2895-300x200.jpg 300w, https:\/\/www.stadtblick-chemnitz.info\/wp-content\/uploads\/2025\/03\/IMG_2895-768x512.jpg 768w, https:\/\/www.stadtblick-chemnitz.info\/wp-content\/uploads\/2025\/03\/IMG_2895-1536x1024.jpg 1536w, https:\/\/www.stadtblick-chemnitz.info\/wp-content\/uploads\/2025\/03\/IMG_2895.jpg 1920w\" alt=\"\" width=\"1024\" height=\"683\" \/> <img loading=\"lazy\" decoding=\"async\" class=\"alignnone size-large wp-image-55\" src=\"https:\/\/www.stadtblick-chemnitz.info\/wp-content\/uploads\/2025\/03\/IMG_2897-1024x683.jpg\" sizes=\"auto, (max-width: 1024px) 100vw, 1024px\" srcset=\"https:\/\/www.stadtblick-chemnitz.info\/wp-content\/uploads\/2025\/03\/IMG_2897-1024x683.jpg 1024w, https:\/\/www.stadtblick-chemnitz.info\/wp-content\/uploads\/2025\/03\/IMG_2897-300x200.jpg 300w, https:\/\/www.stadtblick-chemnitz.info\/wp-content\/uploads\/2025\/03\/IMG_2897-768x512.jpg 768w, https:\/\/www.stadtblick-chemnitz.info\/wp-content\/uploads\/2025\/03\/IMG_2897-1536x1024.jpg 1536w, https:\/\/www.stadtblick-chemnitz.info\/wp-content\/uploads\/2025\/03\/IMG_2897.jpg 1920w\" alt=\"\" width=\"1024\" height=\"683\" \/><\/p>\n<\/div>\n<\/article>\n<\/div>\n<\/div>\n<\/div>\n<\/section>\n<\/div>\n<footer class=\"footer-area\">\n<div class=\"f-oly\"><\/div>\n<div class=\"image\"><\/div>\n<div class=\"footer-top\">\n<div class=\"container content\"><\/div>\n<\/div>\n<div class=\"copy-right\">\n<div class=\"container\">\n<p class=\"copyright-text\">Copyright \u00a9<\/p>\n<\/div>\n<\/div>\n<\/footer>\n","protected":false},"excerpt":{"rendered":"<p>Garten 1\u00a0\u00a0\u00a0\u00a0\u00a0\u00a0 bis Ende 2025\u00a0 besetzt kann mit jetzigen P\u00e4chter sofort \u00fcbernommen werden. Laube Abl\u00f6se\u00a0 VB 250 Eur Garten 7\u00a0\u00a0\u00a0\u00a0\u00a0\u00a0 leer Garten Garten 44\u00a0\u00a0\u00a0 wird noch etwas ber\u00e4umt kann aber sofort \u00fcbernommen werden Garten 40 \u00a0\u00a0 bis Ende 2025 besetzt kann mit jetzigen P\u00e4chter sofort \u00fcbernommen werden. Garten 65\u00a0\u00a0 Leer Garten Copyright \u00a9<\/p>\n","protected":false},"author":1,"featured_media":0,"parent":0,"menu_order":0,"comment_status":"closed","ping_status":"closed","template":"","meta":{"footnotes":""},"class_list":["post-6","page","type-page","status-publish","hentry"],"_links":{"self":[{"href":"https:\/\/stadtblick-chemnitz.de\/index.php?rest_route=\/wp\/v2\/pages\/6","targetHints":{"allow":["GET"]}}],"collection":[{"href":"https:\/\/stadtblick-chemnitz.de\/index.php?rest_route=\/wp\/v2\/pages"}],"about":[{"href":"https:\/\/stadtblick-chemnitz.de\/index.php?rest_route=\/wp\/v2\/types\/page"}],"author":[{"embeddable":true,"href":"https:\/\/stadtblick-chemnitz.de\/index.php?rest_route=\/wp\/v2\/users\/1"}],"replies":[{"embeddable":true,"href":"https:\/\/stadtblick-chemnitz.de\/index.php?rest_route=%2Fwp%2Fv2%2Fcomments&post=6"}],"version-history":[{"count":2,"href":"https:\/\/stadtblick-chemnitz.de\/index.php?rest_route=\/wp\/v2\/pages\/6\/revisions"}],"predecessor-version":[{"id":15,"href":"https:\/\/stadtblick-chemnitz.de\/index.php?rest_route=\/wp\/v2\/pages\/6\/revisions\/15"}],"wp:attachment":[{"href":"https:\/\/stadtblick-chemnitz.de\/index.php?rest_route=%2Fwp%2Fv2%2Fmedia&parent=6"}],"curies":[{"name":"wp","href":"https:\/\/api.w.org\/{rel}","templated":true}]}}